{"id":9,"date":"2022-02-10T14:03:21","date_gmt":"2022-02-10T14:03:21","guid":{"rendered":"https:\/\/opg-piskor.hr\/?page_id=9"},"modified":"2022-03-11T11:24:41","modified_gmt":"2022-03-11T11:24:41","slug":"o-nama","status":"publish","type":"page","link":"https:\/\/opg-piskor.hr\/index.php\/o-nama\/","title":{"rendered":"O NAMA"},"content":{"rendered":"<p>OPG je osnovan 2003. godine, od 2003. do 2009. godine je nositelj bio otac Maria Pi\u0161kora, a od 2009. do 2012. godine nositelj je bila majka. Od 2012. godine nositelj postaje Mario Pi\u0161kor. Dugogodi\u0161njim poma\u017eu\u0107im radom (u trenutcima dok su nositelji bili roditelji) i vo\u0111enjem OPG-a stje\u010de sva potrebna znanja za daljnji razvoj i unapre\u0111enje poslovanja te konstantno planira pro\u0161irenje na nove djelatnosti i ulazak na tr\u017ei\u0161te usluga u poljoprivrednim djelatnostima. U navedenom je osobito pomoglo i studiranje na Veleu\u010dili\u0161tu u Po\u017eegi gdje je stekao sva potrebita znanja na podru\u010dju Agronomije.<br \/>\nTrenutno se obra\u0111uje ukupno 15,88 ha poljoprivrednih povr\u0161ina: Od toga 4,15 ha kukuruz, 3,42 ha je\u010dam, 3,52 ha soja, 1,50 ha su livade i trajni pa\u0161njaci. Na 2,12 ha su stabljike \u0161ljive (750 stabala), 0,09 ha su oranice (povr\u0107e za vlastite potrebe), 1,08 ha su Ugari.<\/p>\n","protected":false},"excerpt":{"rendered":"<p>OPG je osnovan 2003. godine, od 2003. do 2009. godine je nositelj bio otac Maria Pi\u0161kora, a od 2009. do 2012. godine nositelj je bila majka. Od 2012. godine nositelj postaje Mario Pi\u0161kor. Dugogodi\u0161njim poma\u017eu\u0107im radom (u trenutcima dok su nositelji bili roditelji) i&hellip;<\/p>\n","protected":false},"author":1,"featured_media":0,"parent":0,"menu_order":0,"comment_status":"closed","ping_status":"closed","template":"","meta":{"footnotes":""},"class_list":["post-9","page","type-page","status-publish","hentry"],"_links":{"self":[{"href":"https:\/\/opg-piskor.hr\/index.php\/wp-json\/wp\/v2\/pages\/9","targetHints":{"allow":["GET"]}}],"collection":[{"href":"https:\/\/opg-piskor.hr\/index.php\/wp-json\/wp\/v2\/pages"}],"about":[{"href":"https:\/\/opg-piskor.hr\/index.php\/wp-json\/wp\/v2\/types\/page"}],"author":[{"embeddable":true,"href":"https:\/\/opg-piskor.hr\/index.php\/wp-json\/wp\/v2\/users\/1"}],"replies":[{"embeddable":true,"href":"https:\/\/opg-piskor.hr\/index.php\/wp-json\/wp\/v2\/comments?post=9"}],"version-history":[{"count":3,"href":"https:\/\/opg-piskor.hr\/index.php\/wp-json\/wp\/v2\/pages\/9\/revisions"}],"predecessor-version":[{"id":54,"href":"https:\/\/opg-piskor.hr\/index.php\/wp-json\/wp\/v2\/pages\/9\/revisions\/54"}],"wp:attachment":[{"href":"https:\/\/opg-piskor.hr\/index.php\/wp-json\/wp\/v2\/media?parent=9"}],"curies":[{"name":"wp","href":"https:\/\/api.w.org\/{rel}","templated":true}]}}