{"id":47,"date":"2022-03-11T11:14:18","date_gmt":"2022-03-11T11:14:18","guid":{"rendered":"https:\/\/opg-piskor.hr\/?page_id=47"},"modified":"2022-04-01T10:42:49","modified_gmt":"2022-04-01T10:42:49","slug":"mjera-6-2-1","status":"publish","type":"page","link":"https:\/\/opg-piskor.hr\/index.php\/mjera-6-2-1\/","title":{"rendered":"MJERA 6.2.1"},"content":{"rendered":"<p><img loading=\"lazy\" decoding=\"async\" class=\"size-medium wp-image-97 aligncenter\" src=\"https:\/\/opg-piskor.hr\/wp-content\/uploads\/2022\/04\/piskor-opg-300x192.png\" alt=\"\" width=\"300\" height=\"192\" srcset=\"https:\/\/opg-piskor.hr\/wp-content\/uploads\/2022\/04\/piskor-opg-300x192.png 300w, https:\/\/opg-piskor.hr\/wp-content\/uploads\/2022\/04\/piskor-opg-370x237.png 370w, https:\/\/opg-piskor.hr\/wp-content\/uploads\/2022\/04\/piskor-opg.png 538w\" sizes=\"auto, (max-width: 300px) 100vw, 300px\" \/><\/p>\n<p>NAZIV PROJEKTA:<\/p>\n<p><strong>Usluge Pi\u0161kor<\/strong><\/p>\n<p>&nbsp;<\/p>\n<p>OPIS PROJEKTA:<\/p>\n<p>Trenuta\u010dno poslovanje, zbog svojih ograni\u010denja u pogledu obujma proizvodnje i cjenovnih ograni\u010denja u prodaji svojih proizvoda ne omogu\u0107ava adekvatan razvoj OPG-a te bi se uvo\u0111enjem nove djelatnosti (nepoljoprivredne) u poslovne procese prijavitelja (usluge u poljoprivredi) omogu\u0107ilo daljnje poslovno unapre\u0111enje i ostvarivanje uvjeta za nova zapo\u0161ljavanja.<\/p>\n<p>AKTIVNOSTI:<br \/>\n\u2013 EP1 \u2013 Kupnja strojeva i opreme<br \/>\n\u2013 EP2 \u2013 Promotivne aktivnosti vezane uz prijavljenu djelatnost<br \/>\n\u2013 EP3 \u2013 Izrada projektne dokumentacije (usluge stru\u010dnjaka za izradu poslovnog plana i dokumentacije)<\/p>\n<p>VRIJEDNOST PROJEKTA:<br \/>\n50.000,00 Eura<\/p>\n","protected":false},"excerpt":{"rendered":"<p>NAZIV PROJEKTA: Usluge Pi\u0161kor &nbsp; OPIS PROJEKTA: Trenuta\u010dno poslovanje, zbog svojih ograni\u010denja u pogledu obujma proizvodnje i cjenovnih ograni\u010denja u prodaji svojih proizvoda ne omogu\u0107ava adekvatan razvoj OPG-a te bi se uvo\u0111enjem nove djelatnosti (nepoljoprivredne) u poslovne procese prijavitelja (usluge u poljoprivredi) omogu\u0107ilo daljnje&hellip;<\/p>\n","protected":false},"author":1,"featured_media":0,"parent":0,"menu_order":0,"comment_status":"closed","ping_status":"closed","template":"","meta":{"footnotes":""},"class_list":["post-47","page","type-page","status-publish","hentry"],"_links":{"self":[{"href":"https:\/\/opg-piskor.hr\/index.php\/wp-json\/wp\/v2\/pages\/47","targetHints":{"allow":["GET"]}}],"collection":[{"href":"https:\/\/opg-piskor.hr\/index.php\/wp-json\/wp\/v2\/pages"}],"about":[{"href":"https:\/\/opg-piskor.hr\/index.php\/wp-json\/wp\/v2\/types\/page"}],"author":[{"embeddable":true,"href":"https:\/\/opg-piskor.hr\/index.php\/wp-json\/wp\/v2\/users\/1"}],"replies":[{"embeddable":true,"href":"https:\/\/opg-piskor.hr\/index.php\/wp-json\/wp\/v2\/comments?post=47"}],"version-history":[{"count":4,"href":"https:\/\/opg-piskor.hr\/index.php\/wp-json\/wp\/v2\/pages\/47\/revisions"}],"predecessor-version":[{"id":99,"href":"https:\/\/opg-piskor.hr\/index.php\/wp-json\/wp\/v2\/pages\/47\/revisions\/99"}],"wp:attachment":[{"href":"https:\/\/opg-piskor.hr\/index.php\/wp-json\/wp\/v2\/media?parent=47"}],"curies":[{"name":"wp","href":"https:\/\/api.w.org\/{rel}","templated":true}]}}