{"id":11,"date":"2022-02-10T14:03:50","date_gmt":"2022-02-10T14:03:50","guid":{"rendered":"https:\/\/opg-piskor.hr\/?page_id=11"},"modified":"2022-04-01T10:46:13","modified_gmt":"2022-04-01T10:46:13","slug":"galerija","status":"publish","type":"page","link":"https:\/\/opg-piskor.hr\/index.php\/galerija\/","title":{"rendered":"PROIZVODNJA"},"content":{"rendered":"<p>Trenutno obra\u0111ujemo ukupno 15,88 ha poljoprivrednih povr\u0161ina: Od toga 4,15 ha kukuruz, 3,42 ha je\u010dam, 3,52 ha soja, 1,50 ha su livade i trajni pa\u0161njaci. Na 2,12 ha su stabljike \u0161ljive (750 stabala), 0,09 ha su oranice (povr\u0107e za vlastite potrebe), 1,08 ha su Ugari. Rezultat poslovanja za 2019.godinu: Kukuruz 30 tona, je\u010dam 20 tona, soja 10 tona,<\/p>\n","protected":false},"excerpt":{"rendered":"<p>Trenutno obra\u0111ujemo ukupno 15,88 ha poljoprivrednih povr\u0161ina: Od toga 4,15 ha kukuruz, 3,42 ha je\u010dam, 3,52 ha soja, 1,50 ha su livade i trajni pa\u0161njaci. Na 2,12 ha su stabljike \u0161ljive (750 stabala), 0,09 ha su oranice (povr\u0107e za vlastite potrebe), 1,08 ha su&hellip;<\/p>\n","protected":false},"author":1,"featured_media":0,"parent":0,"menu_order":0,"comment_status":"closed","ping_status":"closed","template":"","meta":{"footnotes":""},"class_list":["post-11","page","type-page","status-publish","hentry"],"_links":{"self":[{"href":"https:\/\/opg-piskor.hr\/index.php\/wp-json\/wp\/v2\/pages\/11","targetHints":{"allow":["GET"]}}],"collection":[{"href":"https:\/\/opg-piskor.hr\/index.php\/wp-json\/wp\/v2\/pages"}],"about":[{"href":"https:\/\/opg-piskor.hr\/index.php\/wp-json\/wp\/v2\/types\/page"}],"author":[{"embeddable":true,"href":"https:\/\/opg-piskor.hr\/index.php\/wp-json\/wp\/v2\/users\/1"}],"replies":[{"embeddable":true,"href":"https:\/\/opg-piskor.hr\/index.php\/wp-json\/wp\/v2\/comments?post=11"}],"version-history":[{"count":4,"href":"https:\/\/opg-piskor.hr\/index.php\/wp-json\/wp\/v2\/pages\/11\/revisions"}],"predecessor-version":[{"id":101,"href":"https:\/\/opg-piskor.hr\/index.php\/wp-json\/wp\/v2\/pages\/11\/revisions\/101"}],"wp:attachment":[{"href":"https:\/\/opg-piskor.hr\/index.php\/wp-json\/wp\/v2\/media?parent=11"}],"curies":[{"name":"wp","href":"https:\/\/api.w.org\/{rel}","templated":true}]}}